{"id":3684,"date":"2020-08-29T12:11:51","date_gmt":"2020-08-29T12:11:51","guid":{"rendered":"https:\/\/hidrogruastka.com.ar\/web\/?page_id=3684"},"modified":"2020-08-29T12:14:42","modified_gmt":"2020-08-29T12:14:42","slug":"mendoza-elasticos-lioy","status":"publish","type":"page","link":"https:\/\/hidrogruastka.com.ar\/web\/agentes-soporte-tecnico\/mendoza-elasticos-lioy\/","title":{"rendered":"En Mendoza, El\u00e1sticos Lioy"},"content":{"rendered":"<p>&nbsp;<\/p>\n<p>Con el objetivo de brindar cobertura comercial y servicio t\u00e9cnico a los clientes de todo el pa\u00eds, Hidrogrua TKA cuenta con una <strong>red de representantes comerciales y t\u00e9cnicos<\/strong> en diversos puntos estrat\u00e9gicos del territorio argentino; este es el caso de <a href=\"http:\/\/www.elasticoslioy.com\" target=\"_blank\" rel=\"noopener noreferrer\"><strong>El\u00e1sticos Lioy<\/strong><\/a> para la provincia de <strong>Mendoza<\/strong>.<\/p>\n<p>Ubicados en la localidad de <strong>San Mart\u00edn<\/strong> y con una <strong>trayectoria de 60 a\u00f1os<\/strong> en el rubro de servicios t\u00e9cnicos a empresas de transporte de carga y de pasajeros, El\u00e1sticos Lioy posee una cartera de servicios que incluyen:<\/p>\n<ul>\n<li>Colocaci\u00f3n de tercer eje neum\u00e1ticos y suspensiones (Representante oficial Boero)<\/li>\n<li>Mochilas y tanques de combustibles (Representante oficial Maxepa)<\/li>\n<li>Carrocer\u00edas (Representante oficial Incarvitt)<\/li>\n<li>Taller oficial Vig\u00eda<\/li>\n<li>Reparaciones de el\u00e1sticos<\/li>\n<li>Repuestos y accesorios de el\u00e1sticos para camiones y acoplados<\/li>\n<\/ul>\n<p>Fiel a su tradici\u00f3n, la firma contin\u00faa siendo atendida personalmente por sus due\u00f1os con la misma responsabilidad y esfuerzo de sus inicios pero con el agregado de valor que aportan los a\u00f1os de experiencias, la incorporaci\u00f3n de nuevas tecnolog\u00edas y los conocimientos de las nuevas generaciones de la familia Lioy.<\/p>\n<p><strong>Hidrogruas TKA y El\u00e1sticos Lioy empujan juntos en la provincia de Mendoza<\/strong> para ofrecer a sus clientes la mejor maquinaria para confiar sus movimientos de carga de pesada y la tranquilidad de saber que cuentan con un reconocido servicio t\u00e9cnico a disposici\u00f3n en la posventa.<\/p>\n<p>Sitio Web: <a href=\"https:\/\/www.elasticoslioy.com\/\" target=\"_blank\" rel=\"noopener noreferrer\">www.elasticoslioy.com<\/a><\/p>\n<!-- AddThis Advanced Settings generic via filter on the_content --><!-- AddThis Share Buttons generic via filter on the_content -->","protected":false},"excerpt":{"rendered":"<p>&nbsp; Con el objetivo de brindar cobertura comercial y servicio t\u00e9cnico a los clientes de todo el pa\u00eds, Hidrogrua TKA cuenta con una red de representantes comerciales y t\u00e9cnicos en diversos puntos estrat\u00e9gicos del territorio argentino; este es el caso de El\u00e1sticos Lioy para la provincia de Mendoza. Ubicados en la localidad de San Mart\u00edn [&hellip;]<!-- AddThis Advanced Settings generic via filter on get_the_excerpt --><!-- AddThis Share Buttons generic via filter on get_the_excerpt --><\/p>\n","protected":false},"author":2,"featured_media":3685,"parent":213,"menu_order":0,"comment_status":"closed","ping_status":"closed","template":"","meta":{"_joinchat":[],"footnotes":""},"class_list":["post-3684","page","type-page","status-publish","has-post-thumbnail","hentry"],"yoast_head":"<!-- This site is optimized with the Yoast SEO plugin v27.4 - https:\/\/yoast.com\/product\/yoast-seo-wordpress\/ -->\n<title>En Mendoza, El\u00e1sticos Lioy - Hidrogr\u00faas TKA<\/title>\n<meta name=\"robots\" content=\"index, follow, max-snippet:-1, max-image-preview:large, max-video-preview:-1\" \/>\n<link rel=\"canonical\" href=\"https:\/\/hidrogruastka.com.ar\/web\/agentes-soporte-tecnico\/mendoza-elasticos-lioy\/\" \/>\n<meta property=\"og:locale\" content=\"es_ES\" \/>\n<meta property=\"og:type\" content=\"article\" \/>\n<meta property=\"og:title\" content=\"En Mendoza, El\u00e1sticos Lioy - Hidrogr\u00faas TKA\" \/>\n<meta property=\"og:description\" content=\"&nbsp; Con el objetivo de brindar cobertura comercial y servicio t\u00e9cnico a los clientes de todo el pa\u00eds, Hidrogrua TKA cuenta con una red de representantes comerciales y t\u00e9cnicos en diversos puntos estrat\u00e9gicos del territorio argentino; este es el caso de El\u00e1sticos Lioy para la provincia de Mendoza. Ubicados en la localidad de San Mart\u00edn [&hellip;]\" \/>\n<meta property=\"og:url\" content=\"https:\/\/hidrogruastka.com.ar\/web\/agentes-soporte-tecnico\/mendoza-elasticos-lioy\/\" \/>\n<meta property=\"og:site_name\" content=\"Hidrogr\u00faas TKA\" \/>\n<meta property=\"article:publisher\" content=\"https:\/\/www.facebook.com\/hidrogruastka\" \/>\n<meta property=\"article:modified_time\" content=\"2020-08-29T12:14:42+00:00\" \/>\n<meta property=\"og:image\" content=\"https:\/\/hidrogruastka.com.ar\/web\/wp-content\/uploads\/2020\/08\/elasticos-lioy-hidrogruas-tka.jpg\" \/>\n\t<meta property=\"og:image:width\" content=\"1080\" \/>\n\t<meta property=\"og:image:height\" content=\"1080\" \/>\n\t<meta property=\"og:image:type\" content=\"image\/jpeg\" \/>\n<meta name=\"twitter:card\" content=\"summary_large_image\" \/>\n<meta name=\"twitter:label1\" content=\"Tiempo de lectura\" \/>\n\t<meta name=\"twitter:data1\" content=\"1 minuto\" \/>\n<script type=\"application\/ld+json\" class=\"yoast-schema-graph\">{\"@context\":\"https:\\\/\\\/schema.org\",\"@graph\":[{\"@type\":\"WebPage\",\"@id\":\"https:\\\/\\\/hidrogruastka.com.ar\\\/web\\\/agentes-soporte-tecnico\\\/mendoza-elasticos-lioy\\\/\",\"url\":\"https:\\\/\\\/hidrogruastka.com.ar\\\/web\\\/agentes-soporte-tecnico\\\/mendoza-elasticos-lioy\\\/\",\"name\":\"En Mendoza, El\u00e1sticos Lioy - Hidrogr\u00faas TKA\",\"isPartOf\":{\"@id\":\"https:\\\/\\\/hidrogruastka.com.ar\\\/web\\\/#website\"},\"primaryImageOfPage\":{\"@id\":\"https:\\\/\\\/hidrogruastka.com.ar\\\/web\\\/agentes-soporte-tecnico\\\/mendoza-elasticos-lioy\\\/#primaryimage\"},\"image\":{\"@id\":\"https:\\\/\\\/hidrogruastka.com.ar\\\/web\\\/agentes-soporte-tecnico\\\/mendoza-elasticos-lioy\\\/#primaryimage\"},\"thumbnailUrl\":\"https:\\\/\\\/hidrogruastka.com.ar\\\/web\\\/wp-content\\\/uploads\\\/2020\\\/08\\\/elasticos-lioy-hidrogruas-tka.jpg\",\"datePublished\":\"2020-08-29T12:11:51+00:00\",\"dateModified\":\"2020-08-29T12:14:42+00:00\",\"breadcrumb\":{\"@id\":\"https:\\\/\\\/hidrogruastka.com.ar\\\/web\\\/agentes-soporte-tecnico\\\/mendoza-elasticos-lioy\\\/#breadcrumb\"},\"inLanguage\":\"es\",\"potentialAction\":[{\"@type\":\"ReadAction\",\"target\":[\"https:\\\/\\\/hidrogruastka.com.ar\\\/web\\\/agentes-soporte-tecnico\\\/mendoza-elasticos-lioy\\\/\"]}]},{\"@type\":\"ImageObject\",\"inLanguage\":\"es\",\"@id\":\"https:\\\/\\\/hidrogruastka.com.ar\\\/web\\\/agentes-soporte-tecnico\\\/mendoza-elasticos-lioy\\\/#primaryimage\",\"url\":\"https:\\\/\\\/hidrogruastka.com.ar\\\/web\\\/wp-content\\\/uploads\\\/2020\\\/08\\\/elasticos-lioy-hidrogruas-tka.jpg\",\"contentUrl\":\"https:\\\/\\\/hidrogruastka.com.ar\\\/web\\\/wp-content\\\/uploads\\\/2020\\\/08\\\/elasticos-lioy-hidrogruas-tka.jpg\",\"width\":1080,\"height\":1080},{\"@type\":\"BreadcrumbList\",\"@id\":\"https:\\\/\\\/hidrogruastka.com.ar\\\/web\\\/agentes-soporte-tecnico\\\/mendoza-elasticos-lioy\\\/#breadcrumb\",\"itemListElement\":[{\"@type\":\"ListItem\",\"position\":1,\"name\":\"Portada\",\"item\":\"https:\\\/\\\/hidrogruastka.com.ar\\\/web\\\/\"},{\"@type\":\"ListItem\",\"position\":2,\"name\":\"Agentes y Soporte T\u00e9cnico\",\"item\":\"https:\\\/\\\/hidrogruastka.com.ar\\\/web\\\/agentes-soporte-tecnico\\\/\"},{\"@type\":\"ListItem\",\"position\":3,\"name\":\"En Mendoza, El\u00e1sticos Lioy\"}]},{\"@type\":\"WebSite\",\"@id\":\"https:\\\/\\\/hidrogruastka.com.ar\\\/web\\\/#website\",\"url\":\"https:\\\/\\\/hidrogruastka.com.ar\\\/web\\\/\",\"name\":\"Hidrogr\u00faas TKA\",\"description\":\"Calidad asegurada\",\"potentialAction\":[{\"@type\":\"SearchAction\",\"target\":{\"@type\":\"EntryPoint\",\"urlTemplate\":\"https:\\\/\\\/hidrogruastka.com.ar\\\/web\\\/?s={search_term_string}\"},\"query-input\":{\"@type\":\"PropertyValueSpecification\",\"valueRequired\":true,\"valueName\":\"search_term_string\"}}],\"inLanguage\":\"es\"}]}<\/script>\n<!-- \/ Yoast SEO plugin. -->","yoast_head_json":{"title":"En Mendoza, El\u00e1sticos Lioy - Hidrogr\u00faas TKA","robots":{"index":"index","follow":"follow","max-snippet":"max-snippet:-1","max-image-preview":"max-image-preview:large","max-video-preview":"max-video-preview:-1"},"canonical":"https:\/\/hidrogruastka.com.ar\/web\/agentes-soporte-tecnico\/mendoza-elasticos-lioy\/","og_locale":"es_ES","og_type":"article","og_title":"En Mendoza, El\u00e1sticos Lioy - Hidrogr\u00faas TKA","og_description":"&nbsp; Con el objetivo de brindar cobertura comercial y servicio t\u00e9cnico a los clientes de todo el pa\u00eds, Hidrogrua TKA cuenta con una red de representantes comerciales y t\u00e9cnicos en diversos puntos estrat\u00e9gicos del territorio argentino; este es el caso de El\u00e1sticos Lioy para la provincia de Mendoza. Ubicados en la localidad de San Mart\u00edn [&hellip;]","og_url":"https:\/\/hidrogruastka.com.ar\/web\/agentes-soporte-tecnico\/mendoza-elasticos-lioy\/","og_site_name":"Hidrogr\u00faas TKA","article_publisher":"https:\/\/www.facebook.com\/hidrogruastka","article_modified_time":"2020-08-29T12:14:42+00:00","og_image":[{"width":1080,"height":1080,"url":"https:\/\/hidrogruastka.com.ar\/web\/wp-content\/uploads\/2020\/08\/elasticos-lioy-hidrogruas-tka.jpg","type":"image\/jpeg"}],"twitter_card":"summary_large_image","twitter_misc":{"Tiempo de lectura":"1 minuto"},"schema":{"@context":"https:\/\/schema.org","@graph":[{"@type":"WebPage","@id":"https:\/\/hidrogruastka.com.ar\/web\/agentes-soporte-tecnico\/mendoza-elasticos-lioy\/","url":"https:\/\/hidrogruastka.com.ar\/web\/agentes-soporte-tecnico\/mendoza-elasticos-lioy\/","name":"En Mendoza, El\u00e1sticos Lioy - Hidrogr\u00faas TKA","isPartOf":{"@id":"https:\/\/hidrogruastka.com.ar\/web\/#website"},"primaryImageOfPage":{"@id":"https:\/\/hidrogruastka.com.ar\/web\/agentes-soporte-tecnico\/mendoza-elasticos-lioy\/#primaryimage"},"image":{"@id":"https:\/\/hidrogruastka.com.ar\/web\/agentes-soporte-tecnico\/mendoza-elasticos-lioy\/#primaryimage"},"thumbnailUrl":"https:\/\/hidrogruastka.com.ar\/web\/wp-content\/uploads\/2020\/08\/elasticos-lioy-hidrogruas-tka.jpg","datePublished":"2020-08-29T12:11:51+00:00","dateModified":"2020-08-29T12:14:42+00:00","breadcrumb":{"@id":"https:\/\/hidrogruastka.com.ar\/web\/agentes-soporte-tecnico\/mendoza-elasticos-lioy\/#breadcrumb"},"inLanguage":"es","potentialAction":[{"@type":"ReadAction","target":["https:\/\/hidrogruastka.com.ar\/web\/agentes-soporte-tecnico\/mendoza-elasticos-lioy\/"]}]},{"@type":"ImageObject","inLanguage":"es","@id":"https:\/\/hidrogruastka.com.ar\/web\/agentes-soporte-tecnico\/mendoza-elasticos-lioy\/#primaryimage","url":"https:\/\/hidrogruastka.com.ar\/web\/wp-content\/uploads\/2020\/08\/elasticos-lioy-hidrogruas-tka.jpg","contentUrl":"https:\/\/hidrogruastka.com.ar\/web\/wp-content\/uploads\/2020\/08\/elasticos-lioy-hidrogruas-tka.jpg","width":1080,"height":1080},{"@type":"BreadcrumbList","@id":"https:\/\/hidrogruastka.com.ar\/web\/agentes-soporte-tecnico\/mendoza-elasticos-lioy\/#breadcrumb","itemListElement":[{"@type":"ListItem","position":1,"name":"Portada","item":"https:\/\/hidrogruastka.com.ar\/web\/"},{"@type":"ListItem","position":2,"name":"Agentes y Soporte T\u00e9cnico","item":"https:\/\/hidrogruastka.com.ar\/web\/agentes-soporte-tecnico\/"},{"@type":"ListItem","position":3,"name":"En Mendoza, El\u00e1sticos Lioy"}]},{"@type":"WebSite","@id":"https:\/\/hidrogruastka.com.ar\/web\/#website","url":"https:\/\/hidrogruastka.com.ar\/web\/","name":"Hidrogr\u00faas TKA","description":"Calidad asegurada","potentialAction":[{"@type":"SearchAction","target":{"@type":"EntryPoint","urlTemplate":"https:\/\/hidrogruastka.com.ar\/web\/?s={search_term_string}"},"query-input":{"@type":"PropertyValueSpecification","valueRequired":true,"valueName":"search_term_string"}}],"inLanguage":"es"}]}},"_links":{"self":[{"href":"https:\/\/hidrogruastka.com.ar\/web\/wp-json\/wp\/v2\/pages\/3684","targetHints":{"allow":["GET"]}}],"collection":[{"href":"https:\/\/hidrogruastka.com.ar\/web\/wp-json\/wp\/v2\/pages"}],"about":[{"href":"https:\/\/hidrogruastka.com.ar\/web\/wp-json\/wp\/v2\/types\/page"}],"author":[{"embeddable":true,"href":"https:\/\/hidrogruastka.com.ar\/web\/wp-json\/wp\/v2\/users\/2"}],"replies":[{"embeddable":true,"href":"https:\/\/hidrogruastka.com.ar\/web\/wp-json\/wp\/v2\/comments?post=3684"}],"version-history":[{"count":6,"href":"https:\/\/hidrogruastka.com.ar\/web\/wp-json\/wp\/v2\/pages\/3684\/revisions"}],"predecessor-version":[{"id":3691,"href":"https:\/\/hidrogruastka.com.ar\/web\/wp-json\/wp\/v2\/pages\/3684\/revisions\/3691"}],"up":[{"embeddable":true,"href":"https:\/\/hidrogruastka.com.ar\/web\/wp-json\/wp\/v2\/pages\/213"}],"wp:featuredmedia":[{"embeddable":true,"href":"https:\/\/hidrogruastka.com.ar\/web\/wp-json\/wp\/v2\/media\/3685"}],"wp:attachment":[{"href":"https:\/\/hidrogruastka.com.ar\/web\/wp-json\/wp\/v2\/media?parent=3684"}],"curies":[{"name":"wp","href":"https:\/\/api.w.org\/{rel}","templated":true}]}}