{"id":33,"date":"2015-04-14T02:36:06","date_gmt":"2015-04-14T02:36:06","guid":{"rendered":"http:\/\/hidrogruastka.com.ar\/web\/?page_id=33"},"modified":"2017-09-09T04:48:59","modified_gmt":"2017-09-09T04:48:59","slug":"contacto","status":"publish","type":"page","link":"https:\/\/hidrogruastka.com.ar\/web\/contacto\/","title":{"rendered":"Contacto"},"content":{"rendered":"<p><a href=\"https:\/\/hidrogruastka.com.ar\/web\/wp-content\/uploads\/2015\/08\/slider-contacto1.jpg\"><img loading=\"lazy\" decoding=\"async\" class=\"alignnone size-full wp-image-150\" src=\"https:\/\/hidrogruastka.com.ar\/web\/wp-content\/uploads\/2015\/08\/slider-contacto1.jpg\" alt=\"slider-contacto\" width=\"820\" height=\"250\" srcset=\"https:\/\/hidrogruastka.com.ar\/web\/wp-content\/uploads\/2015\/08\/slider-contacto1.jpg 820w, https:\/\/hidrogruastka.com.ar\/web\/wp-content\/uploads\/2015\/08\/slider-contacto1-300x91.jpg 300w\" sizes=\"auto, (max-width: 820px) 100vw, 820px\" \/><\/a><\/p>\n<p>Comunicate con nosotros. Completa el formulario.<\/p>\n\n<div class=\"wpcf7 no-js\" id=\"wpcf7-f82-o1\" lang=\"es-ES\" dir=\"ltr\" data-wpcf7-id=\"82\">\n<div class=\"screen-reader-response\"><p role=\"status\" aria-live=\"polite\" aria-atomic=\"true\"><\/p> <ul><\/ul><\/div>\n<form action=\"\/web\/wp-json\/wp\/v2\/pages\/33#wpcf7-f82-o1\" method=\"post\" class=\"wpcf7-form init\" aria-label=\"Formulario de contacto\" novalidate=\"novalidate\" data-status=\"init\">\n<fieldset class=\"hidden-fields-container\"><input type=\"hidden\" name=\"_wpcf7\" value=\"82\" \/><input type=\"hidden\" name=\"_wpcf7_version\" value=\"6.1.5\" \/><input type=\"hidden\" name=\"_wpcf7_locale\" value=\"es_ES\" \/><input type=\"hidden\" name=\"_wpcf7_unit_tag\" value=\"wpcf7-f82-o1\" \/><input type=\"hidden\" name=\"_wpcf7_container_post\" value=\"0\" \/><input type=\"hidden\" name=\"_wpcf7_posted_data_hash\" value=\"\" \/>\n<\/fieldset>\n<p>Nombre (requerido)\n<\/p>\n<p><span class=\"wpcf7-form-control-wrap\" data-name=\"your-name\"><input size=\"40\" maxlength=\"400\" class=\"wpcf7-form-control wpcf7-text wpcf7-validates-as-required\" aria-required=\"true\" aria-invalid=\"false\" value=\"\" type=\"text\" name=\"your-name\" \/><\/span>\n<\/p>\n<p>E-mail (requerido)\n<\/p>\n<p><span class=\"wpcf7-form-control-wrap\" data-name=\"your-email\"><input size=\"40\" maxlength=\"400\" class=\"wpcf7-form-control wpcf7-email wpcf7-validates-as-required wpcf7-text wpcf7-validates-as-email\" aria-required=\"true\" aria-invalid=\"false\" value=\"\" type=\"email\" name=\"your-email\" \/><\/span>\n<\/p>\n<p>Tel\u00e9fono (requerido)\n<\/p>\n<p><span class=\"wpcf7-form-control-wrap\" data-name=\"telefono\"><input size=\"40\" maxlength=\"400\" class=\"wpcf7-form-control wpcf7-tel wpcf7-validates-as-required wpcf7-text wpcf7-validates-as-tel\" aria-required=\"true\" aria-invalid=\"false\" value=\"\" type=\"tel\" name=\"telefono\" \/><\/span>\n<\/p>\n<p>Ciudad\/Localidad (requerido)\n<\/p>\n<p><span class=\"wpcf7-form-control-wrap\" data-name=\"ciudad\"><input size=\"40\" maxlength=\"400\" class=\"wpcf7-form-control wpcf7-text wpcf7-validates-as-required\" aria-required=\"true\" aria-invalid=\"false\" value=\"\" type=\"text\" name=\"ciudad\" \/><\/span>\n<\/p>\n<p>Asunto\n<\/p>\n<p><span class=\"wpcf7-form-control-wrap\" data-name=\"your-subject\"><input size=\"40\" maxlength=\"400\" class=\"wpcf7-form-control wpcf7-text\" aria-invalid=\"false\" value=\"\" type=\"text\" name=\"your-subject\" \/><\/span>\n<\/p>\n<p>Datos Adicionales\n<\/p>\n<p>Alcance en altura: <span class=\"wpcf7-form-control-wrap\" data-name=\"alcance\"><input class=\"wpcf7-form-control wpcf7-number wpcf7-validates-as-number\" aria-invalid=\"false\" value=\"\" type=\"number\" name=\"alcance\" \/><\/span>\n<\/p>\n<p>Carga m\u00e1xima al pi\u00e9 del cami\u00f3n (en ton.): <span class=\"wpcf7-form-control-wrap\" data-name=\"pie\"><input class=\"wpcf7-form-control wpcf7-number wpcf7-validates-as-number\" aria-invalid=\"false\" value=\"\" type=\"number\" name=\"pie\" \/><\/span>\n<\/p>\n<p>Marca y modelo del cami\u00f3n: <span class=\"wpcf7-form-control-wrap\" data-name=\"camion\"><input size=\"40\" maxlength=\"400\" class=\"wpcf7-form-control wpcf7-text\" aria-invalid=\"false\" value=\"\" type=\"text\" name=\"camion\" \/><\/span>\n<\/p>\n<p>Uso del equipo: <span class=\"wpcf7-form-control-wrap\" data-name=\"uso\"><textarea cols=\"40\" rows=\"10\" maxlength=\"2000\" class=\"wpcf7-form-control wpcf7-textarea\" aria-invalid=\"false\" name=\"uso\"><\/textarea><\/span>\n<\/p>\n<p>Su mensaje\n<\/p>\n<p><span class=\"wpcf7-form-control-wrap\" data-name=\"your-message\"><textarea cols=\"40\" rows=\"10\" maxlength=\"2000\" class=\"wpcf7-form-control wpcf7-textarea\" aria-invalid=\"false\" name=\"your-message\"><\/textarea><\/span>\n<\/p>\n<p><input class=\"wpcf7-form-control wpcf7-submit has-spinner\" type=\"submit\" value=\"Enviar\" \/>\n<\/p><div class=\"wpcf7-response-output\" aria-hidden=\"true\"><\/div>\n<\/form>\n<\/div>\n\n<ul>\n<li>\u00c1rea Industrial \u2013 6100 &#8211; Rufino &#8211; Santa Fe<\/li>\n<li>Email: <a href=\"mailto:ventas@hidrogruastka.com.ar\">ventas@hidrogruastka.com.ar<\/a><\/li>\n<li>Tel\u00e9fonos: +54 (0)3382 \u2013\u00a0426700<\/li>\n<\/ul>\n<p><a href=\"https:\/\/hidrogruastka.com.ar\/web\/wp-content\/uploads\/2015\/08\/slider-contacto1.jpg\"><img loading=\"lazy\" decoding=\"async\" class=\"alignnone size-full wp-image-150\" src=\"https:\/\/hidrogruastka.com.ar\/web\/wp-content\/uploads\/2015\/08\/slider-contacto1.jpg\" alt=\"slider-contacto\" width=\"820\" height=\"250\" srcset=\"https:\/\/hidrogruastka.com.ar\/web\/wp-content\/uploads\/2015\/08\/slider-contacto1.jpg 820w, https:\/\/hidrogruastka.com.ar\/web\/wp-content\/uploads\/2015\/08\/slider-contacto1-300x91.jpg 300w\" sizes=\"auto, (max-width: 820px) 100vw, 820px\" \/><\/a><\/p>\n<!-- AddThis Advanced Settings generic via filter on the_content --><!-- AddThis Share Buttons generic via filter on the_content -->","protected":false},"excerpt":{"rendered":"<p>Comunicate con nosotros. Completa el formulario. \u00c1rea Industrial \u2013 6100 &#8211; Rufino &#8211; Santa Fe Email: ventas@hidrogruastka.com.ar Tel\u00e9fonos: +54 (0)3382 \u2013\u00a0426700<!-- AddThis Advanced Settings generic via filter on get_the_excerpt --><!-- AddThis Share Buttons generic via filter on get_the_excerpt --><\/p>\n","protected":false},"author":2,"featured_media":0,"parent":0,"menu_order":0,"comment_status":"closed","ping_status":"closed","template":"","meta":{"_joinchat":[],"footnotes":""},"class_list":["post-33","page","type-page","status-publish","hentry"],"yoast_head":"<!-- This site is optimized with the Yoast SEO plugin v27.4 - https:\/\/yoast.com\/product\/yoast-seo-wordpress\/ -->\n<title>Contacto - Hidrogr\u00faas TKA<\/title>\n<meta name=\"robots\" content=\"index, follow, max-snippet:-1, max-image-preview:large, max-video-preview:-1\" \/>\n<link rel=\"canonical\" href=\"https:\/\/hidrogruastka.com.ar\/web\/contacto\/\" \/>\n<meta property=\"og:locale\" content=\"es_ES\" \/>\n<meta property=\"og:type\" content=\"article\" \/>\n<meta property=\"og:title\" content=\"Contacto - Hidrogr\u00faas TKA\" \/>\n<meta property=\"og:description\" content=\"Comunicate con nosotros. Completa el formulario. \u00c1rea Industrial \u2013 6100 &#8211; Rufino &#8211; Santa Fe Email: ventas@hidrogruastka.com.ar Tel\u00e9fonos: +54 (0)3382 \u2013\u00a0426700\" \/>\n<meta property=\"og:url\" content=\"https:\/\/hidrogruastka.com.ar\/web\/contacto\/\" \/>\n<meta property=\"og:site_name\" content=\"Hidrogr\u00faas TKA\" \/>\n<meta property=\"article:publisher\" content=\"https:\/\/www.facebook.com\/hidrogruastka\" \/>\n<meta property=\"article:modified_time\" content=\"2017-09-09T04:48:59+00:00\" \/>\n<meta property=\"og:image\" content=\"https:\/\/hidrogruastka.com.ar\/web\/wp-content\/uploads\/2015\/08\/slider-contacto1.jpg\" \/>\n<meta name=\"twitter:card\" content=\"summary_large_image\" \/>\n<script type=\"application\/ld+json\" class=\"yoast-schema-graph\">{\"@context\":\"https:\\\/\\\/schema.org\",\"@graph\":[{\"@type\":\"WebPage\",\"@id\":\"https:\\\/\\\/hidrogruastka.com.ar\\\/web\\\/contacto\\\/\",\"url\":\"https:\\\/\\\/hidrogruastka.com.ar\\\/web\\\/contacto\\\/\",\"name\":\"Contacto - Hidrogr\u00faas TKA\",\"isPartOf\":{\"@id\":\"https:\\\/\\\/hidrogruastka.com.ar\\\/web\\\/#website\"},\"primaryImageOfPage\":{\"@id\":\"https:\\\/\\\/hidrogruastka.com.ar\\\/web\\\/contacto\\\/#primaryimage\"},\"image\":{\"@id\":\"https:\\\/\\\/hidrogruastka.com.ar\\\/web\\\/contacto\\\/#primaryimage\"},\"thumbnailUrl\":\"https:\\\/\\\/hidrogruastka.com.ar\\\/web\\\/wp-content\\\/uploads\\\/2015\\\/08\\\/slider-contacto1.jpg\",\"datePublished\":\"2015-04-14T02:36:06+00:00\",\"dateModified\":\"2017-09-09T04:48:59+00:00\",\"breadcrumb\":{\"@id\":\"https:\\\/\\\/hidrogruastka.com.ar\\\/web\\\/contacto\\\/#breadcrumb\"},\"inLanguage\":\"es\",\"potentialAction\":[{\"@type\":\"ReadAction\",\"target\":[\"https:\\\/\\\/hidrogruastka.com.ar\\\/web\\\/contacto\\\/\"]}]},{\"@type\":\"ImageObject\",\"inLanguage\":\"es\",\"@id\":\"https:\\\/\\\/hidrogruastka.com.ar\\\/web\\\/contacto\\\/#primaryimage\",\"url\":\"https:\\\/\\\/hidrogruastka.com.ar\\\/web\\\/wp-content\\\/uploads\\\/2015\\\/08\\\/slider-contacto1.jpg\",\"contentUrl\":\"https:\\\/\\\/hidrogruastka.com.ar\\\/web\\\/wp-content\\\/uploads\\\/2015\\\/08\\\/slider-contacto1.jpg\",\"width\":820,\"height\":250},{\"@type\":\"BreadcrumbList\",\"@id\":\"https:\\\/\\\/hidrogruastka.com.ar\\\/web\\\/contacto\\\/#breadcrumb\",\"itemListElement\":[{\"@type\":\"ListItem\",\"position\":1,\"name\":\"Portada\",\"item\":\"https:\\\/\\\/hidrogruastka.com.ar\\\/web\\\/\"},{\"@type\":\"ListItem\",\"position\":2,\"name\":\"Contacto\"}]},{\"@type\":\"WebSite\",\"@id\":\"https:\\\/\\\/hidrogruastka.com.ar\\\/web\\\/#website\",\"url\":\"https:\\\/\\\/hidrogruastka.com.ar\\\/web\\\/\",\"name\":\"Hidrogr\u00faas TKA\",\"description\":\"Calidad asegurada\",\"potentialAction\":[{\"@type\":\"SearchAction\",\"target\":{\"@type\":\"EntryPoint\",\"urlTemplate\":\"https:\\\/\\\/hidrogruastka.com.ar\\\/web\\\/?s={search_term_string}\"},\"query-input\":{\"@type\":\"PropertyValueSpecification\",\"valueRequired\":true,\"valueName\":\"search_term_string\"}}],\"inLanguage\":\"es\"}]}<\/script>\n<!-- \/ Yoast SEO plugin. -->","yoast_head_json":{"title":"Contacto - Hidrogr\u00faas TKA","robots":{"index":"index","follow":"follow","max-snippet":"max-snippet:-1","max-image-preview":"max-image-preview:large","max-video-preview":"max-video-preview:-1"},"canonical":"https:\/\/hidrogruastka.com.ar\/web\/contacto\/","og_locale":"es_ES","og_type":"article","og_title":"Contacto - Hidrogr\u00faas TKA","og_description":"Comunicate con nosotros. Completa el formulario. \u00c1rea Industrial \u2013 6100 &#8211; Rufino &#8211; Santa Fe Email: ventas@hidrogruastka.com.ar Tel\u00e9fonos: +54 (0)3382 \u2013\u00a0426700","og_url":"https:\/\/hidrogruastka.com.ar\/web\/contacto\/","og_site_name":"Hidrogr\u00faas TKA","article_publisher":"https:\/\/www.facebook.com\/hidrogruastka","article_modified_time":"2017-09-09T04:48:59+00:00","og_image":[{"url":"https:\/\/hidrogruastka.com.ar\/web\/wp-content\/uploads\/2015\/08\/slider-contacto1.jpg","type":"","width":"","height":""}],"twitter_card":"summary_large_image","schema":{"@context":"https:\/\/schema.org","@graph":[{"@type":"WebPage","@id":"https:\/\/hidrogruastka.com.ar\/web\/contacto\/","url":"https:\/\/hidrogruastka.com.ar\/web\/contacto\/","name":"Contacto - Hidrogr\u00faas TKA","isPartOf":{"@id":"https:\/\/hidrogruastka.com.ar\/web\/#website"},"primaryImageOfPage":{"@id":"https:\/\/hidrogruastka.com.ar\/web\/contacto\/#primaryimage"},"image":{"@id":"https:\/\/hidrogruastka.com.ar\/web\/contacto\/#primaryimage"},"thumbnailUrl":"https:\/\/hidrogruastka.com.ar\/web\/wp-content\/uploads\/2015\/08\/slider-contacto1.jpg","datePublished":"2015-04-14T02:36:06+00:00","dateModified":"2017-09-09T04:48:59+00:00","breadcrumb":{"@id":"https:\/\/hidrogruastka.com.ar\/web\/contacto\/#breadcrumb"},"inLanguage":"es","potentialAction":[{"@type":"ReadAction","target":["https:\/\/hidrogruastka.com.ar\/web\/contacto\/"]}]},{"@type":"ImageObject","inLanguage":"es","@id":"https:\/\/hidrogruastka.com.ar\/web\/contacto\/#primaryimage","url":"https:\/\/hidrogruastka.com.ar\/web\/wp-content\/uploads\/2015\/08\/slider-contacto1.jpg","contentUrl":"https:\/\/hidrogruastka.com.ar\/web\/wp-content\/uploads\/2015\/08\/slider-contacto1.jpg","width":820,"height":250},{"@type":"BreadcrumbList","@id":"https:\/\/hidrogruastka.com.ar\/web\/contacto\/#breadcrumb","itemListElement":[{"@type":"ListItem","position":1,"name":"Portada","item":"https:\/\/hidrogruastka.com.ar\/web\/"},{"@type":"ListItem","position":2,"name":"Contacto"}]},{"@type":"WebSite","@id":"https:\/\/hidrogruastka.com.ar\/web\/#website","url":"https:\/\/hidrogruastka.com.ar\/web\/","name":"Hidrogr\u00faas TKA","description":"Calidad asegurada","potentialAction":[{"@type":"SearchAction","target":{"@type":"EntryPoint","urlTemplate":"https:\/\/hidrogruastka.com.ar\/web\/?s={search_term_string}"},"query-input":{"@type":"PropertyValueSpecification","valueRequired":true,"valueName":"search_term_string"}}],"inLanguage":"es"}]}},"_links":{"self":[{"href":"https:\/\/hidrogruastka.com.ar\/web\/wp-json\/wp\/v2\/pages\/33","targetHints":{"allow":["GET"]}}],"collection":[{"href":"https:\/\/hidrogruastka.com.ar\/web\/wp-json\/wp\/v2\/pages"}],"about":[{"href":"https:\/\/hidrogruastka.com.ar\/web\/wp-json\/wp\/v2\/types\/page"}],"author":[{"embeddable":true,"href":"https:\/\/hidrogruastka.com.ar\/web\/wp-json\/wp\/v2\/users\/2"}],"replies":[{"embeddable":true,"href":"https:\/\/hidrogruastka.com.ar\/web\/wp-json\/wp\/v2\/comments?post=33"}],"version-history":[{"count":9,"href":"https:\/\/hidrogruastka.com.ar\/web\/wp-json\/wp\/v2\/pages\/33\/revisions"}],"predecessor-version":[{"id":382,"href":"https:\/\/hidrogruastka.com.ar\/web\/wp-json\/wp\/v2\/pages\/33\/revisions\/382"}],"wp:attachment":[{"href":"https:\/\/hidrogruastka.com.ar\/web\/wp-json\/wp\/v2\/media?parent=33"}],"curies":[{"name":"wp","href":"https:\/\/api.w.org\/{rel}","templated":true}]}}