{"id":30,"date":"2015-04-14T02:13:39","date_gmt":"2015-04-14T02:13:39","guid":{"rendered":"http:\/\/hidrogruastka.com.ar\/web\/?page_id=30"},"modified":"2020-09-01T18:02:12","modified_gmt":"2020-09-01T18:02:12","slug":"empresa","status":"publish","type":"page","link":"https:\/\/hidrogruastka.com.ar\/web\/empresa\/","title":{"rendered":"Empresa"},"content":{"rendered":"<p>&nbsp;<\/p>\n<p><strong><span style=\"color: #000000;\">Hidrogruas TKA ofrece la l\u00ednea m\u00e1s completa de soluciones en movimiento. <\/span><\/strong><\/p>\n<p><span style=\"color: #000000;\">Comercializamos Hidrogr\u00faas de primera calidad, con caracter\u00edsticas \u00fanicas que las convierten en la\u00a0mejor\u00a0opci\u00f3n del mercado!<\/span><\/p>\n<p><em><span style=\"color: #000000;\">\u00abOfrecer al mercado dos a\u00f1os de garant\u00eda en la l\u00ednea de gr\u00faa articulada, refuerza nuestro compromiso para desarrollar y fabricar equipos de calidad con un valor excepcional, ofreciendo un excelente apoyo\u00bb<\/span><\/em><\/p>\n<p><span style=\"color: #000000;\">B\u00e1sculas Magris es representante oficial y exclusivo en Argentina de\u00a0TKA Cranes, fabricadas en Flores Da Cunha, Rio Grande do Sul,\u00a0<\/span><span style=\"color: #000000;\">Brasil.<\/span><\/p>\n<p><img loading=\"lazy\" decoding=\"async\" class=\"alignnone size-full wp-image-1182\" src=\"https:\/\/hidrogruastka.com.ar\/web\/wp-content\/uploads\/2015\/04\/tka-empresa-3.jpg\" alt=\"\" width=\"1170\" height=\"600\" srcset=\"https:\/\/hidrogruastka.com.ar\/web\/wp-content\/uploads\/2015\/04\/tka-empresa-3.jpg 1170w, https:\/\/hidrogruastka.com.ar\/web\/wp-content\/uploads\/2015\/04\/tka-empresa-3-300x154.jpg 300w, https:\/\/hidrogruastka.com.ar\/web\/wp-content\/uploads\/2015\/04\/tka-empresa-3-768x394.jpg 768w, https:\/\/hidrogruastka.com.ar\/web\/wp-content\/uploads\/2015\/04\/tka-empresa-3-1024x525.jpg 1024w\" sizes=\"auto, (max-width: 1170px) 100vw, 1170px\" \/><\/p>\n<p><span style=\"color: #000000;\">P\u00f3ngase en contacto con nosotros por e-mail:<\/span> <a href=\"mailto:ventas@hidrogruastka.com.ar\">ventas@hidrogruastka.com.ar<\/a><\/p>\n<p><span style=\"color: #000000;\">Gracias por su visita.<\/span><\/p>\n<p><img loading=\"lazy\" decoding=\"async\" class=\"alignnone size-full wp-image-2736\" src=\"https:\/\/hidrogruastka.com.ar\/web\/wp-content\/uploads\/2015\/04\/basculas-magris-empresa.jpeg\" alt=\"\" width=\"1280\" height=\"458\" srcset=\"https:\/\/hidrogruastka.com.ar\/web\/wp-content\/uploads\/2015\/04\/basculas-magris-empresa.jpeg 1280w, https:\/\/hidrogruastka.com.ar\/web\/wp-content\/uploads\/2015\/04\/basculas-magris-empresa-300x107.jpeg 300w, https:\/\/hidrogruastka.com.ar\/web\/wp-content\/uploads\/2015\/04\/basculas-magris-empresa-768x275.jpeg 768w, https:\/\/hidrogruastka.com.ar\/web\/wp-content\/uploads\/2015\/04\/basculas-magris-empresa-1024x366.jpeg 1024w\" sizes=\"auto, (max-width: 1280px) 100vw, 1280px\" \/><\/p>\n<!-- AddThis Advanced Settings generic via filter on the_content --><!-- AddThis Share Buttons generic via filter on the_content -->","protected":false},"excerpt":{"rendered":"<p>&nbsp; Hidrogruas TKA ofrece la l\u00ednea m\u00e1s completa de soluciones en movimiento. Comercializamos Hidrogr\u00faas de primera calidad, con caracter\u00edsticas \u00fanicas que las convierten en la\u00a0mejor\u00a0opci\u00f3n del mercado! \u00abOfrecer al mercado dos a\u00f1os de garant\u00eda en la l\u00ednea de gr\u00faa articulada, refuerza nuestro compromiso para desarrollar y fabricar equipos de calidad con un valor excepcional, ofreciendo [&hellip;]<!-- AddThis Advanced Settings generic via filter on get_the_excerpt --><!-- AddThis Share Buttons generic via filter on get_the_excerpt --><\/p>\n","protected":false},"author":2,"featured_media":1179,"parent":0,"menu_order":0,"comment_status":"closed","ping_status":"closed","template":"","meta":{"_joinchat":[],"footnotes":""},"class_list":["post-30","page","type-page","status-publish","has-post-thumbnail","hentry"],"yoast_head":"<!-- This site is optimized with the Yoast SEO plugin v27.4 - https:\/\/yoast.com\/product\/yoast-seo-wordpress\/ -->\n<title>Empresa - Hidrogr\u00faas TKA<\/title>\n<meta name=\"robots\" content=\"index, follow, max-snippet:-1, max-image-preview:large, max-video-preview:-1\" \/>\n<link rel=\"canonical\" href=\"https:\/\/hidrogruastka.com.ar\/web\/empresa\/\" \/>\n<meta property=\"og:locale\" content=\"es_ES\" \/>\n<meta property=\"og:type\" content=\"article\" \/>\n<meta property=\"og:title\" content=\"Empresa - Hidrogr\u00faas TKA\" \/>\n<meta property=\"og:description\" content=\"&nbsp; Hidrogruas TKA ofrece la l\u00ednea m\u00e1s completa de soluciones en movimiento. Comercializamos Hidrogr\u00faas de primera calidad, con caracter\u00edsticas \u00fanicas que las convierten en la\u00a0mejor\u00a0opci\u00f3n del mercado! \u00abOfrecer al mercado dos a\u00f1os de garant\u00eda en la l\u00ednea de gr\u00faa articulada, refuerza nuestro compromiso para desarrollar y fabricar equipos de calidad con un valor excepcional, ofreciendo [&hellip;]\" \/>\n<meta property=\"og:url\" content=\"https:\/\/hidrogruastka.com.ar\/web\/empresa\/\" \/>\n<meta property=\"og:site_name\" content=\"Hidrogr\u00faas TKA\" \/>\n<meta property=\"article:publisher\" content=\"https:\/\/www.facebook.com\/hidrogruastka\" \/>\n<meta property=\"article:modified_time\" content=\"2020-09-01T18:02:12+00:00\" \/>\n<meta property=\"og:image\" content=\"https:\/\/hidrogruastka.com.ar\/web\/wp-content\/uploads\/2015\/04\/tka-empresa-1.jpg\" \/>\n\t<meta property=\"og:image:width\" content=\"1170\" \/>\n\t<meta property=\"og:image:height\" content=\"600\" \/>\n\t<meta property=\"og:image:type\" content=\"image\/jpeg\" \/>\n<meta name=\"twitter:card\" content=\"summary_large_image\" \/>\n<meta name=\"twitter:label1\" content=\"Tiempo de lectura\" \/>\n\t<meta name=\"twitter:data1\" content=\"1 minuto\" \/>\n<script type=\"application\/ld+json\" class=\"yoast-schema-graph\">{\"@context\":\"https:\\\/\\\/schema.org\",\"@graph\":[{\"@type\":\"WebPage\",\"@id\":\"https:\\\/\\\/hidrogruastka.com.ar\\\/web\\\/empresa\\\/\",\"url\":\"https:\\\/\\\/hidrogruastka.com.ar\\\/web\\\/empresa\\\/\",\"name\":\"Empresa - Hidrogr\u00faas TKA\",\"isPartOf\":{\"@id\":\"https:\\\/\\\/hidrogruastka.com.ar\\\/web\\\/#website\"},\"primaryImageOfPage\":{\"@id\":\"https:\\\/\\\/hidrogruastka.com.ar\\\/web\\\/empresa\\\/#primaryimage\"},\"image\":{\"@id\":\"https:\\\/\\\/hidrogruastka.com.ar\\\/web\\\/empresa\\\/#primaryimage\"},\"thumbnailUrl\":\"https:\\\/\\\/hidrogruastka.com.ar\\\/web\\\/wp-content\\\/uploads\\\/2015\\\/04\\\/tka-empresa-1.jpg\",\"datePublished\":\"2015-04-14T02:13:39+00:00\",\"dateModified\":\"2020-09-01T18:02:12+00:00\",\"breadcrumb\":{\"@id\":\"https:\\\/\\\/hidrogruastka.com.ar\\\/web\\\/empresa\\\/#breadcrumb\"},\"inLanguage\":\"es\",\"potentialAction\":[{\"@type\":\"ReadAction\",\"target\":[\"https:\\\/\\\/hidrogruastka.com.ar\\\/web\\\/empresa\\\/\"]}]},{\"@type\":\"ImageObject\",\"inLanguage\":\"es\",\"@id\":\"https:\\\/\\\/hidrogruastka.com.ar\\\/web\\\/empresa\\\/#primaryimage\",\"url\":\"https:\\\/\\\/hidrogruastka.com.ar\\\/web\\\/wp-content\\\/uploads\\\/2015\\\/04\\\/tka-empresa-1.jpg\",\"contentUrl\":\"https:\\\/\\\/hidrogruastka.com.ar\\\/web\\\/wp-content\\\/uploads\\\/2015\\\/04\\\/tka-empresa-1.jpg\",\"width\":1170,\"height\":600},{\"@type\":\"BreadcrumbList\",\"@id\":\"https:\\\/\\\/hidrogruastka.com.ar\\\/web\\\/empresa\\\/#breadcrumb\",\"itemListElement\":[{\"@type\":\"ListItem\",\"position\":1,\"name\":\"Portada\",\"item\":\"https:\\\/\\\/hidrogruastka.com.ar\\\/web\\\/\"},{\"@type\":\"ListItem\",\"position\":2,\"name\":\"Empresa\"}]},{\"@type\":\"WebSite\",\"@id\":\"https:\\\/\\\/hidrogruastka.com.ar\\\/web\\\/#website\",\"url\":\"https:\\\/\\\/hidrogruastka.com.ar\\\/web\\\/\",\"name\":\"Hidrogr\u00faas TKA\",\"description\":\"Calidad asegurada\",\"potentialAction\":[{\"@type\":\"SearchAction\",\"target\":{\"@type\":\"EntryPoint\",\"urlTemplate\":\"https:\\\/\\\/hidrogruastka.com.ar\\\/web\\\/?s={search_term_string}\"},\"query-input\":{\"@type\":\"PropertyValueSpecification\",\"valueRequired\":true,\"valueName\":\"search_term_string\"}}],\"inLanguage\":\"es\"}]}<\/script>\n<!-- \/ Yoast SEO plugin. -->","yoast_head_json":{"title":"Empresa - Hidrogr\u00faas TKA","robots":{"index":"index","follow":"follow","max-snippet":"max-snippet:-1","max-image-preview":"max-image-preview:large","max-video-preview":"max-video-preview:-1"},"canonical":"https:\/\/hidrogruastka.com.ar\/web\/empresa\/","og_locale":"es_ES","og_type":"article","og_title":"Empresa - Hidrogr\u00faas TKA","og_description":"&nbsp; Hidrogruas TKA ofrece la l\u00ednea m\u00e1s completa de soluciones en movimiento. Comercializamos Hidrogr\u00faas de primera calidad, con caracter\u00edsticas \u00fanicas que las convierten en la\u00a0mejor\u00a0opci\u00f3n del mercado! \u00abOfrecer al mercado dos a\u00f1os de garant\u00eda en la l\u00ednea de gr\u00faa articulada, refuerza nuestro compromiso para desarrollar y fabricar equipos de calidad con un valor excepcional, ofreciendo [&hellip;]","og_url":"https:\/\/hidrogruastka.com.ar\/web\/empresa\/","og_site_name":"Hidrogr\u00faas TKA","article_publisher":"https:\/\/www.facebook.com\/hidrogruastka","article_modified_time":"2020-09-01T18:02:12+00:00","og_image":[{"width":1170,"height":600,"url":"https:\/\/hidrogruastka.com.ar\/web\/wp-content\/uploads\/2015\/04\/tka-empresa-1.jpg","type":"image\/jpeg"}],"twitter_card":"summary_large_image","twitter_misc":{"Tiempo de lectura":"1 minuto"},"schema":{"@context":"https:\/\/schema.org","@graph":[{"@type":"WebPage","@id":"https:\/\/hidrogruastka.com.ar\/web\/empresa\/","url":"https:\/\/hidrogruastka.com.ar\/web\/empresa\/","name":"Empresa - Hidrogr\u00faas TKA","isPartOf":{"@id":"https:\/\/hidrogruastka.com.ar\/web\/#website"},"primaryImageOfPage":{"@id":"https:\/\/hidrogruastka.com.ar\/web\/empresa\/#primaryimage"},"image":{"@id":"https:\/\/hidrogruastka.com.ar\/web\/empresa\/#primaryimage"},"thumbnailUrl":"https:\/\/hidrogruastka.com.ar\/web\/wp-content\/uploads\/2015\/04\/tka-empresa-1.jpg","datePublished":"2015-04-14T02:13:39+00:00","dateModified":"2020-09-01T18:02:12+00:00","breadcrumb":{"@id":"https:\/\/hidrogruastka.com.ar\/web\/empresa\/#breadcrumb"},"inLanguage":"es","potentialAction":[{"@type":"ReadAction","target":["https:\/\/hidrogruastka.com.ar\/web\/empresa\/"]}]},{"@type":"ImageObject","inLanguage":"es","@id":"https:\/\/hidrogruastka.com.ar\/web\/empresa\/#primaryimage","url":"https:\/\/hidrogruastka.com.ar\/web\/wp-content\/uploads\/2015\/04\/tka-empresa-1.jpg","contentUrl":"https:\/\/hidrogruastka.com.ar\/web\/wp-content\/uploads\/2015\/04\/tka-empresa-1.jpg","width":1170,"height":600},{"@type":"BreadcrumbList","@id":"https:\/\/hidrogruastka.com.ar\/web\/empresa\/#breadcrumb","itemListElement":[{"@type":"ListItem","position":1,"name":"Portada","item":"https:\/\/hidrogruastka.com.ar\/web\/"},{"@type":"ListItem","position":2,"name":"Empresa"}]},{"@type":"WebSite","@id":"https:\/\/hidrogruastka.com.ar\/web\/#website","url":"https:\/\/hidrogruastka.com.ar\/web\/","name":"Hidrogr\u00faas TKA","description":"Calidad asegurada","potentialAction":[{"@type":"SearchAction","target":{"@type":"EntryPoint","urlTemplate":"https:\/\/hidrogruastka.com.ar\/web\/?s={search_term_string}"},"query-input":{"@type":"PropertyValueSpecification","valueRequired":true,"valueName":"search_term_string"}}],"inLanguage":"es"}]}},"_links":{"self":[{"href":"https:\/\/hidrogruastka.com.ar\/web\/wp-json\/wp\/v2\/pages\/30","targetHints":{"allow":["GET"]}}],"collection":[{"href":"https:\/\/hidrogruastka.com.ar\/web\/wp-json\/wp\/v2\/pages"}],"about":[{"href":"https:\/\/hidrogruastka.com.ar\/web\/wp-json\/wp\/v2\/types\/page"}],"author":[{"embeddable":true,"href":"https:\/\/hidrogruastka.com.ar\/web\/wp-json\/wp\/v2\/users\/2"}],"replies":[{"embeddable":true,"href":"https:\/\/hidrogruastka.com.ar\/web\/wp-json\/wp\/v2\/comments?post=30"}],"version-history":[{"count":13,"href":"https:\/\/hidrogruastka.com.ar\/web\/wp-json\/wp\/v2\/pages\/30\/revisions"}],"predecessor-version":[{"id":3704,"href":"https:\/\/hidrogruastka.com.ar\/web\/wp-json\/wp\/v2\/pages\/30\/revisions\/3704"}],"wp:featuredmedia":[{"embeddable":true,"href":"https:\/\/hidrogruastka.com.ar\/web\/wp-json\/wp\/v2\/media\/1179"}],"wp:attachment":[{"href":"https:\/\/hidrogruastka.com.ar\/web\/wp-json\/wp\/v2\/media?parent=30"}],"curies":[{"name":"wp","href":"https:\/\/api.w.org\/{rel}","templated":true}]}}